{"id":2638,"date":"2023-07-19T12:14:36","date_gmt":"2023-07-19T10:14:36","guid":{"rendered":"https:\/\/fluctus.no\/?page_id=2638"},"modified":"2024-03-04T16:17:51","modified_gmt":"2024-03-04T15:17:51","slug":"declaracion-segun-la-ley-de-transparencia","status":"publish","type":"page","link":"https:\/\/fluctus.no\/es\/declaracion-segun-la-ley-de-transparencia","title":{"rendered":"Declaraci\u00f3n seg\u00fan la Ley de Transparencia"},"content":{"rendered":"<section class=\"l-section wpb_row height_medium\"><div class=\"l-section-h i-cf\"><div class=\"g-cols vc_row via_flex valign_top type_default stacking_default\"><div class=\"vc_col-sm-12 wpb_column vc_column_container\"><div class=\"vc_column-inner\"><div class=\"wpb_wrapper\"><div class=\"g-cols wpb_row us_custom_6e74c4b0 via_flex valign_top type_default stacking_default\"><div class=\"vc_col-sm-12 wpb_column vc_column_container\"><div class=\"vc_column-inner\"><div class=\"wpb_wrapper\"><h2 class=\"w-post-elm post_title entry-title color_link_inherit\">Declaraci\u00f3n seg\u00fan la Ley de Transparencia<\/h2><div class=\"wpb_text_column\"><div class=\"wpb_wrapper\"><p>Fluctus ha llevado a cabo una evaluaci\u00f3n general de la diligencia debida para identificar posibles consecuencias negativas que la empresa, la cadena de suministro u otras relaciones comerciales puedan haber causado, contribuido o facilitado en lo que respecta a los derechos humanos y las condiciones de trabajo decentes.<\/p>\n<p>Fluctus es un proveedor de equipos y servicios para la industria acu\u00edcola. La mayor parte de la operaci\u00f3n se lleva a cabo en Noruega, pero la empresa tiene un empleado en las Islas Feroe y tambi\u00e9n posee una filial en Estonia con 4 empleados. Todos los empleados, en Noruega, en las Islas Feroe y en Estonia, tienen contratos de trabajo aprobados. La empresa tiene l\u00edneas abiertas para denunciar cualquier desviaci\u00f3n y tomar\u00e1 las medidas necesarias en caso de una eventual denuncia.<\/p>\n<p>La cadena de suministro de Fluctus consiste principalmente en grandes proveedores representados en Noruega, quienes deben llevar a cabo y explicar evaluaciones de diligencia debida en relaci\u00f3n con sus operaciones. Sin embargo, Fluctus debe tener un enfoque continuo en las evaluaciones de diligencia debida en relaci\u00f3n con nuestras actividades, especialmente en relaci\u00f3n con la colaboraci\u00f3n y suministro desde terceras partes que no est\u00e1n directamente sujetas a la legislaci\u00f3n noruega. Fluctus utiliza astilleros extranjeros en la producci\u00f3n de pontones y tiene acuerdos marco que requieren que los astilleros operen de acuerdo con los derechos humanos y tengan condiciones de trabajo decentes.<\/p>\n<p>Dada la naturaleza de las actividades de la empresa, Fluctus considera menos probable que nuestras actividades causen, contribuyan o faciliten en gran medida consecuencias negativas relacionadas con los derechos humanos o las condiciones de trabajo decentes.<\/p>\n<p>Sobre la base de la evaluaci\u00f3n general de la diligencia debida, las evaluaciones de riesgos con un enfoque en los derechos humanos y las condiciones de trabajo deben realizarse siempre que Fluctus entre en nuevas \u00e1reas geogr\u00e1ficas. Esta es la principal \u00e1rea de enfoque de la empresa para identificar e implementar medidas que puedan prevenir la influencia negativa y contribuir a la mejora en las \u00e1reas en las que operamos.<\/p>\n<p>Bergen, 20.07.23<\/p>\n<\/div><\/div><\/div><\/div><\/div><\/div><\/div><\/div><\/div><\/div><\/div><\/section>\n","protected":false},"excerpt":{"rendered":"Declaraci\u00f3n seg\u00fan la Ley de TransparenciaFluctus ha llevado a cabo una evaluaci\u00f3n general de la diligencia debida para identificar posibles consecuencias negativas que la empresa, la cadena de suministro u otras relaciones comerciales puedan haber causado, contribuido o facilitado en lo que respecta a los derechos humanos y las condiciones de trabajo decentes. Fluctus es...","protected":false},"author":4,"featured_media":0,"parent":0,"menu_order":0,"comment_status":"closed","ping_status":"closed","template":"","meta":{"_acf_changed":false,"footnotes":""},"class_list":["post-2638","page","type-page","status-publish","hentry"],"acf":[],"yoast_head":"<!-- This site is optimized with the Yoast SEO plugin v27.4 - https:\/\/yoast.com\/product\/yoast-seo-wordpress\/ -->\n<title>Declaraci\u00f3n seg\u00fan la Ley de Transparencia | Fluctus<\/title>\n<meta name=\"robots\" content=\"index, follow, max-snippet:-1, max-image-preview:large, max-video-preview:-1\" \/>\n<link rel=\"canonical\" href=\"https:\/\/fluctus.no\/es\/declaracion-segun-la-ley-de-transparencia\" \/>\n<meta property=\"og:locale\" content=\"es_ES\" \/>\n<meta property=\"og:type\" content=\"article\" \/>\n<meta property=\"og:title\" content=\"Declaraci\u00f3n seg\u00fan la Ley de Transparencia | Fluctus\" \/>\n<meta property=\"og:url\" content=\"https:\/\/fluctus.no\/es\/declaracion-segun-la-ley-de-transparencia\" \/>\n<meta property=\"og:site_name\" content=\"Fluctus\" \/>\n<meta property=\"article:modified_time\" content=\"2024-03-04T15:17:51+00:00\" \/>\n<meta name=\"twitter:card\" content=\"summary_large_image\" \/>\n<meta name=\"twitter:label1\" content=\"Tiempo de lectura\" \/>\n\t<meta name=\"twitter:data1\" content=\"2 minutos\" \/>\n<script type=\"application\/ld+json\" class=\"yoast-schema-graph\">{\"@context\":\"https:\\\/\\\/schema.org\",\"@graph\":[{\"@type\":\"WebPage\",\"@id\":\"https:\\\/\\\/fluctus.no\\\/es\\\/declaracion-segun-la-ley-de-transparencia\",\"url\":\"https:\\\/\\\/fluctus.no\\\/es\\\/declaracion-segun-la-ley-de-transparencia\",\"name\":\"Declaraci\u00f3n seg\u00fan la Ley de Transparencia | Fluctus\",\"isPartOf\":{\"@id\":\"https:\\\/\\\/fluctus.no\\\/#website\"},\"datePublished\":\"2023-07-19T10:14:36+00:00\",\"dateModified\":\"2024-03-04T15:17:51+00:00\",\"breadcrumb\":{\"@id\":\"https:\\\/\\\/fluctus.no\\\/es\\\/declaracion-segun-la-ley-de-transparencia#breadcrumb\"},\"inLanguage\":\"es\",\"potentialAction\":[{\"@type\":\"ReadAction\",\"target\":[\"https:\\\/\\\/fluctus.no\\\/es\\\/declaracion-segun-la-ley-de-transparencia\"]}]},{\"@type\":\"BreadcrumbList\",\"@id\":\"https:\\\/\\\/fluctus.no\\\/es\\\/declaracion-segun-la-ley-de-transparencia#breadcrumb\",\"itemListElement\":[{\"@type\":\"ListItem\",\"position\":1,\"name\":\"Hjem\",\"item\":\"https:\\\/\\\/fluctus.no\\\/es\"},{\"@type\":\"ListItem\",\"position\":2,\"name\":\"Declaraci\u00f3n seg\u00fan la Ley de Transparencia\"}]},{\"@type\":\"WebSite\",\"@id\":\"https:\\\/\\\/fluctus.no\\\/#website\",\"url\":\"https:\\\/\\\/fluctus.no\\\/\",\"name\":\"Fluctus\",\"description\":\"Utstyr og service til oppdrettsn\u00e6ringen\",\"publisher\":{\"@id\":\"https:\\\/\\\/fluctus.no\\\/#organization\"},\"potentialAction\":[{\"@type\":\"SearchAction\",\"target\":{\"@type\":\"EntryPoint\",\"urlTemplate\":\"https:\\\/\\\/fluctus.no\\\/?s={search_term_string}\"},\"query-input\":{\"@type\":\"PropertyValueSpecification\",\"valueRequired\":true,\"valueName\":\"search_term_string\"}}],\"inLanguage\":\"es\"},{\"@type\":\"Organization\",\"@id\":\"https:\\\/\\\/fluctus.no\\\/#organization\",\"name\":\"Fluctus AS\",\"url\":\"https:\\\/\\\/fluctus.no\\\/\",\"logo\":{\"@type\":\"ImageObject\",\"inLanguage\":\"es\",\"@id\":\"https:\\\/\\\/fluctus.no\\\/#\\\/schema\\\/logo\\\/image\\\/\",\"url\":\"https:\\\/\\\/fluctus.no\\\/wp-content\\\/uploads\\\/2021\\\/12\\\/fluctus.svg\",\"contentUrl\":\"https:\\\/\\\/fluctus.no\\\/wp-content\\\/uploads\\\/2021\\\/12\\\/fluctus.svg\",\"width\":146,\"height\":40,\"caption\":\"Fluctus AS\"},\"image\":{\"@id\":\"https:\\\/\\\/fluctus.no\\\/#\\\/schema\\\/logo\\\/image\\\/\"}}]}<\/script>\n<!-- \/ Yoast SEO plugin. -->","yoast_head_json":{"title":"Declaraci\u00f3n seg\u00fan la Ley de Transparencia | Fluctus","robots":{"index":"index","follow":"follow","max-snippet":"max-snippet:-1","max-image-preview":"max-image-preview:large","max-video-preview":"max-video-preview:-1"},"canonical":"https:\/\/fluctus.no\/es\/declaracion-segun-la-ley-de-transparencia","og_locale":"es_ES","og_type":"article","og_title":"Declaraci\u00f3n seg\u00fan la Ley de Transparencia | Fluctus","og_url":"https:\/\/fluctus.no\/es\/declaracion-segun-la-ley-de-transparencia","og_site_name":"Fluctus","article_modified_time":"2024-03-04T15:17:51+00:00","twitter_card":"summary_large_image","twitter_misc":{"Tiempo de lectura":"2 minutos"},"schema":{"@context":"https:\/\/schema.org","@graph":[{"@type":"WebPage","@id":"https:\/\/fluctus.no\/es\/declaracion-segun-la-ley-de-transparencia","url":"https:\/\/fluctus.no\/es\/declaracion-segun-la-ley-de-transparencia","name":"Declaraci\u00f3n seg\u00fan la Ley de Transparencia | Fluctus","isPartOf":{"@id":"https:\/\/fluctus.no\/#website"},"datePublished":"2023-07-19T10:14:36+00:00","dateModified":"2024-03-04T15:17:51+00:00","breadcrumb":{"@id":"https:\/\/fluctus.no\/es\/declaracion-segun-la-ley-de-transparencia#breadcrumb"},"inLanguage":"es","potentialAction":[{"@type":"ReadAction","target":["https:\/\/fluctus.no\/es\/declaracion-segun-la-ley-de-transparencia"]}]},{"@type":"BreadcrumbList","@id":"https:\/\/fluctus.no\/es\/declaracion-segun-la-ley-de-transparencia#breadcrumb","itemListElement":[{"@type":"ListItem","position":1,"name":"Hjem","item":"https:\/\/fluctus.no\/es"},{"@type":"ListItem","position":2,"name":"Declaraci\u00f3n seg\u00fan la Ley de Transparencia"}]},{"@type":"WebSite","@id":"https:\/\/fluctus.no\/#website","url":"https:\/\/fluctus.no\/","name":"Fluctus","description":"Utstyr og service til oppdrettsn\u00e6ringen","publisher":{"@id":"https:\/\/fluctus.no\/#organization"},"potentialAction":[{"@type":"SearchAction","target":{"@type":"EntryPoint","urlTemplate":"https:\/\/fluctus.no\/?s={search_term_string}"},"query-input":{"@type":"PropertyValueSpecification","valueRequired":true,"valueName":"search_term_string"}}],"inLanguage":"es"},{"@type":"Organization","@id":"https:\/\/fluctus.no\/#organization","name":"Fluctus AS","url":"https:\/\/fluctus.no\/","logo":{"@type":"ImageObject","inLanguage":"es","@id":"https:\/\/fluctus.no\/#\/schema\/logo\/image\/","url":"https:\/\/fluctus.no\/wp-content\/uploads\/2021\/12\/fluctus.svg","contentUrl":"https:\/\/fluctus.no\/wp-content\/uploads\/2021\/12\/fluctus.svg","width":146,"height":40,"caption":"Fluctus AS"},"image":{"@id":"https:\/\/fluctus.no\/#\/schema\/logo\/image\/"}}]}},"_links":{"self":[{"href":"https:\/\/fluctus.no\/es\/wp-json\/wp\/v2\/pages\/2638","targetHints":{"allow":["GET"]}}],"collection":[{"href":"https:\/\/fluctus.no\/es\/wp-json\/wp\/v2\/pages"}],"about":[{"href":"https:\/\/fluctus.no\/es\/wp-json\/wp\/v2\/types\/page"}],"author":[{"embeddable":true,"href":"https:\/\/fluctus.no\/es\/wp-json\/wp\/v2\/users\/4"}],"replies":[{"embeddable":true,"href":"https:\/\/fluctus.no\/es\/wp-json\/wp\/v2\/comments?post=2638"}],"version-history":[{"count":0,"href":"https:\/\/fluctus.no\/es\/wp-json\/wp\/v2\/pages\/2638\/revisions"}],"wp:attachment":[{"href":"https:\/\/fluctus.no\/es\/wp-json\/wp\/v2\/media?parent=2638"}],"curies":[{"name":"wp","href":"https:\/\/api.w.org\/{rel}","templated":true}]}}