{"id":2606,"date":"2021-12-10T15:08:54","date_gmt":"2021-12-10T14:08:54","guid":{"rendered":"https:\/\/fluctus.no\/?page_id=2606"},"modified":"2024-03-06T09:50:47","modified_gmt":"2024-03-06T08:50:47","slug":"acerca-de-fluctus","status":"publish","type":"page","link":"https:\/\/fluctus.no\/es\/acerca-de-fluctus","title":{"rendered":"Acerca de Fluctus"},"content":{"rendered":"<section class=\"l-section wpb_row height_medium\"><div class=\"l-section-h i-cf\"><div class=\"g-cols vc_row via_flex valign_top type_default stacking_default\"><div class=\"vc_col-sm-6 wpb_column vc_column_container\"><div class=\"vc_column-inner\"><div class=\"wpb_wrapper\"><div class=\"wpb_text_column\"><div class=\"wpb_wrapper\"><h1>Acerca de Fluctus<\/h1>\n<\/div><\/div><\/div><\/div><\/div><div class=\"vc_col-sm-6 wpb_column vc_column_container\"><div class=\"vc_column-inner\"><div class=\"wpb_wrapper\"><div class=\"w-separator size_custom\" style=\"height:10px\"><\/div><div class=\"wpb_text_column\"><div class=\"wpb_wrapper\"><p>Fluctus cuenta con las personas con las que querr\u00e1s colaborar en lo relacionado a tecnolog\u00edas y servicios para la industria acu\u00edcola. Nuestros colaboradores cuentan con una amplia competencia y experiencia en sus campos, y a lo largo de las d\u00e9cadas han estado a cargo del desarrollo, producci\u00f3n, instalaci\u00f3n y servicio de productos para la industria acu\u00edcola. El servicio es nuestra \u201creligi\u00f3n\u201d, y nuestros clientes tienen la garant\u00eda de calidad en t\u00e9rminos de soluciones\/dise\u00f1o, ejecuci\u00f3n de proyectos y seguimiento\/servicio posterior.<\/p>\n<\/div><\/div><\/div><\/div><\/div><\/div><\/div><\/section><section class=\"l-section wpb_row timeline-container height_auto\"><div class=\"l-section-h i-cf\"><div class=\"g-cols vc_row via_flex valign_top type_default stacking_default\"><div class=\"vc_col-sm-12 wpb_column vc_column_container\"><div class=\"vc_column-inner\"><div class=\"wpb_wrapper\"><div class=\"g-cols wpb_row via_flex valign_top type_default stacking_default\"><div class=\"vc_col-sm-6 wpb_column vc_column_container\"><div class=\"vc_column-inner\"><div class=\"wpb_wrapper\"><\/div><\/div><\/div><div class=\"vc_col-sm-6 wpb_column vc_column_container inner-column-timeline timeline-inner-right\"><div class=\"vc_column-inner\"><div class=\"wpb_wrapper\"><div class=\"wpb_text_column timeline-year\"><div class=\"wpb_wrapper\"><p style=\"text-align: left;\">1991<\/p>\n<\/div><\/div><div class=\"wpb_text_column green-text\"><div class=\"wpb_wrapper\"><h2 style=\"text-align: left;\">Austevoll Elektromekaniske<\/h2>\n<\/div><\/div><div class=\"wpb_text_column\"><div class=\"wpb_wrapper\"><p style=\"text-align: left;\">Rolf Hatlevik participa en la creaci\u00f3n de Austevoll Elektromekaniske (AEM).<\/p>\n<\/div><\/div><\/div><\/div><\/div><\/div><div class=\"g-cols wpb_row via_flex valign_top type_default stacking_default\"><div class=\"vc_col-sm-6 wpb_column vc_column_container inner-column-timeline timeline-inner-left\"><div class=\"vc_column-inner\"><div class=\"wpb_wrapper\"><div class=\"wpb_text_column timeline-year\"><div class=\"wpb_wrapper\"><p style=\"text-align: right;\">2007<\/p>\n<\/div><\/div><div class=\"wpb_text_column green-text\"><div class=\"wpb_wrapper\"><h2 style=\"text-align: right;\">Ocea<\/h2>\n<\/div><\/div><div class=\"wpb_text_column\"><div class=\"wpb_wrapper\"><p style=\"text-align: right;\">Ocea se crea con la fusi\u00f3n de varias empresa, entre ellas AEM.<\/p>\n<\/div><\/div><\/div><\/div><\/div><div class=\"vc_col-sm-6 wpb_column vc_column_container\"><div class=\"vc_column-inner\"><div class=\"wpb_wrapper\"><\/div><\/div><\/div><\/div><div class=\"g-cols wpb_row via_flex valign_top type_default stacking_default\"><div class=\"vc_col-sm-6 wpb_column vc_column_container\"><div class=\"vc_column-inner\"><div class=\"wpb_wrapper\"><\/div><\/div><\/div><div class=\"vc_col-sm-6 wpb_column vc_column_container inner-column-timeline timeline-inner-right\"><div class=\"vc_column-inner\"><div class=\"wpb_wrapper\"><div class=\"wpb_text_column timeline-year\"><div class=\"wpb_wrapper\"><p style=\"text-align: left;\">2014<\/p>\n<\/div><\/div><div class=\"wpb_text_column green-text\"><div class=\"wpb_wrapper\"><h2 style=\"text-align: left;\">Adquisici\u00f3n<\/h2>\n<\/div><\/div><div class=\"wpb_text_column\"><div class=\"wpb_wrapper\"><p style=\"text-align: left;\">Ocea es adquirida por Steinsvik Group.<\/p>\n<\/div><\/div><\/div><\/div><\/div><\/div><div class=\"g-cols wpb_row via_flex valign_top type_default stacking_default\"><div class=\"vc_col-sm-6 wpb_column vc_column_container inner-column-timeline timeline-inner-left\"><div class=\"vc_column-inner\"><div class=\"wpb_wrapper\"><div class=\"wpb_text_column timeline-year\"><div class=\"wpb_wrapper\"><p style=\"text-align: right;\">2015<\/p>\n<\/div><\/div><div class=\"wpb_text_column green-text\"><div class=\"wpb_wrapper\"><h2 style=\"text-align: right;\">Creaci\u00f3n de Fluctus<\/h2>\n<\/div><\/div><div class=\"wpb_text_column\"><div class=\"wpb_wrapper\"><p style=\"text-align: right;\">Fluctus es fundada por antiguos empleados de Ocea.<\/p>\n<\/div><\/div><\/div><\/div><\/div><div class=\"vc_col-sm-6 wpb_column vc_column_container\"><div class=\"vc_column-inner\"><div class=\"wpb_wrapper\"><\/div><\/div><\/div><\/div><div class=\"g-cols wpb_row via_flex valign_top type_default stacking_default\"><div class=\"vc_col-sm-6 wpb_column vc_column_container\"><div class=\"vc_column-inner\"><div class=\"wpb_wrapper\"><\/div><\/div><\/div><div class=\"vc_col-sm-6 wpb_column vc_column_container inner-column-timeline timeline-inner-right\"><div class=\"vc_column-inner\"><div class=\"wpb_wrapper\"><div class=\"wpb_text_column timeline-year\"><div class=\"wpb_wrapper\"><p style=\"text-align: left;\">2016<\/p>\n<\/div><\/div><div class=\"wpb_text_column green-text\"><div class=\"wpb_wrapper\"><h2 style=\"text-align: left;\">Entrega de la primera planta<\/h2>\n<\/div><\/div><div class=\"wpb_text_column\"><div class=\"wpb_wrapper\"><p>El primer sistema de alimentaci\u00f3n es entregado a un cliente.<\/p>\n<\/div><\/div><\/div><\/div><\/div><\/div><div class=\"g-cols wpb_row via_flex valign_top type_default stacking_default\"><div class=\"vc_col-sm-6 wpb_column vc_column_container inner-column-timeline timeline-inner-left\"><div class=\"vc_column-inner\"><div class=\"wpb_wrapper\"><div class=\"wpb_text_column timeline-year\"><div class=\"wpb_wrapper\"><p style=\"text-align: right;\">2017<\/p>\n<\/div><\/div><div class=\"wpb_text_column green-text\"><div class=\"wpb_wrapper\"><h2 style=\"text-align: right;\">Contrato con Mowi<\/h2>\n<\/div><\/div><div class=\"wpb_text_column\"><div class=\"wpb_wrapper\"><p style=\"text-align: right;\">Primer pont\u00f3n de alimentaci\u00f3n entregado al cliente. Durante Aqua Nor, Fluctus firma con Mowi el que ser\u00eda hasta ahora su m\u00e1s grande contrato de pontones.<\/p>\n<\/div><\/div><\/div><\/div><\/div><div class=\"vc_col-sm-6 wpb_column vc_column_container\"><div class=\"vc_column-inner\"><div class=\"wpb_wrapper\"><\/div><\/div><\/div><\/div><div class=\"g-cols wpb_row via_flex valign_top type_default stacking_default\"><div class=\"vc_col-sm-6 wpb_column vc_column_container\"><div class=\"vc_column-inner\"><div class=\"wpb_wrapper\"><\/div><\/div><\/div><div class=\"vc_col-sm-6 wpb_column vc_column_container inner-column-timeline timeline-inner-right\"><div class=\"vc_column-inner\"><div class=\"wpb_wrapper\"><div class=\"wpb_text_column timeline-year\"><div class=\"wpb_wrapper\"><p style=\"text-align: left;\">2018<\/p>\n<\/div><\/div><div class=\"wpb_text_column green-text\"><div class=\"wpb_wrapper\"><h2 style=\"text-align: left;\">Premio Gacela<\/h2>\n<\/div><\/div><div class=\"wpb_text_column\"><div class=\"wpb_wrapper\"><p>Gracias a su cuarto a\u00f1o consecutivo de crecimiento en ventas y utilidades, Fluctus recibe el premio Gacela regi\u00f3n Oeste.<\/p>\n<\/div><\/div><\/div><\/div><\/div><\/div><div class=\"g-cols wpb_row via_flex valign_top type_default stacking_default\"><div class=\"vc_col-sm-6 wpb_column vc_column_container inner-column-timeline timeline-inner-left\"><div class=\"vc_column-inner\"><div class=\"wpb_wrapper\"><div class=\"wpb_text_column timeline-year\"><div class=\"wpb_wrapper\"><p style=\"text-align: right;\">2019<\/p>\n<\/div><\/div><div class=\"wpb_text_column green-text\"><div class=\"wpb_wrapper\"><h2 style=\"text-align: right;\">Regreso a casa<\/h2>\n<\/div><\/div><div class=\"wpb_text_column\"><div class=\"wpb_wrapper\"><p style=\"text-align: right;\">Fluctus adquiere las antiguas instalaciones industriales de Ocea en Austevoll y \u201cregresa a su casa\u201d.<\/p>\n<\/div><\/div><\/div><\/div><\/div><div class=\"vc_col-sm-6 wpb_column vc_column_container\"><div class=\"vc_column-inner\"><div class=\"wpb_wrapper\"><\/div><\/div><\/div><\/div><div class=\"g-cols wpb_row via_flex valign_top type_default stacking_default\"><div class=\"vc_col-sm-6 wpb_column vc_column_container\"><div class=\"vc_column-inner\"><div class=\"wpb_wrapper\"><\/div><\/div><\/div><div class=\"vc_col-sm-6 wpb_column vc_column_container inner-column-timeline timeline-inner-right\"><div class=\"vc_column-inner\"><div class=\"wpb_wrapper\"><div class=\"wpb_text_column timeline-year\"><div class=\"wpb_wrapper\"><p style=\"text-align: left;\">2020<\/p>\n<\/div><\/div><div class=\"wpb_text_column green-text\"><div class=\"wpb_wrapper\"><h2 style=\"text-align: left;\">A\u00f1o de pandemia<\/h2>\n<\/div><\/div><div class=\"wpb_text_column\"><div class=\"wpb_wrapper\"><p>Fluctus pasa el a\u00f1o de pandemia sin afectar a sus empleados y sigue obteniendo resultados financieros positivos.<\/p>\n<\/div><\/div><\/div><\/div><\/div><\/div><div class=\"g-cols wpb_row via_flex valign_top type_default stacking_default\"><div class=\"vc_col-sm-6 wpb_column vc_column_container inner-column-timeline timeline-inner-left\"><div class=\"vc_column-inner\"><div class=\"wpb_wrapper\"><div class=\"wpb_text_column timeline-year\"><div class=\"wpb_wrapper\"><p style=\"text-align: right;\">2021<\/p>\n<\/div><\/div><div class=\"wpb_text_column green-text\"><div class=\"wpb_wrapper\"><h2 style=\"text-align: right;\">Primer cliente extranjero de pont\u00f3n<\/h2>\n<\/div><\/div><div class=\"wpb_text_column\"><div class=\"wpb_wrapper\"><p style=\"text-align: right;\">Pont\u00f3n de alimentaci\u00f3n entregado al primer cliente extranjero.<\/p>\n<\/div><\/div><\/div><\/div><\/div><div class=\"vc_col-sm-6 wpb_column vc_column_container\"><div class=\"vc_column-inner\"><div class=\"wpb_wrapper\"><\/div><\/div><\/div><\/div><div class=\"w-separator size_medium\"><\/div><div class=\"g-cols wpb_row via_flex valign_top type_default stacking_default\"><div class=\"vc_col-sm-6 wpb_column vc_column_container inner-column-timeline timeline-inner-left\"><div class=\"vc_column-inner\"><div class=\"wpb_wrapper\"><div class=\"wpb_text_column timeline-year\"><div class=\"wpb_wrapper\"><p style=\"text-align: right;\">2021<\/p>\n<\/div><\/div><div class=\"wpb_text_column green-text\"><div class=\"wpb_wrapper\"><h2 style=\"text-align: right;\">Salmon Eye<\/h2>\n<\/div><\/div><div class=\"wpb_text_column\"><div class=\"wpb_wrapper\"><p style=\"text-align: right;\">Contrato para el suministro del espectacular centro demostrativo de Eide Fjordbruk. Entrega del proyecto en 2022.<\/p>\n<\/div><\/div><\/div><\/div><\/div><div class=\"vc_col-sm-6 wpb_column vc_column_container\"><div class=\"vc_column-inner\"><div class=\"wpb_wrapper\"><\/div><\/div><\/div><\/div><div class=\"g-cols wpb_row via_flex valign_top type_default stacking_default\"><div class=\"vc_col-sm-6 wpb_column vc_column_container\"><div class=\"vc_column-inner\"><div class=\"wpb_wrapper\"><\/div><\/div><\/div><div class=\"vc_col-sm-6 wpb_column vc_column_container inner-column-timeline timeline-inner-right\"><div class=\"vc_column-inner\"><div class=\"wpb_wrapper\"><div class=\"wpb_text_column timeline-year\"><div class=\"wpb_wrapper\"><p style=\"text-align: left;\">2022<\/p>\n<\/div><\/div><div class=\"wpb_text_column green-text\"><div class=\"wpb_wrapper\"><h2 style=\"text-align: left;\">Alimentaci\u00f3n por agua y dispersor motorizado<\/h2>\n<\/div><\/div><div class=\"wpb_text_column\"><div class=\"wpb_wrapper\"><p>Comercializai\u00f3n de alimentaci\u00f3n por agua y dispersor motorizado.<\/p>\n<\/div><\/div><\/div><\/div><\/div><\/div><\/div><\/div><\/div><\/div><\/div><\/section>\n","protected":false},"excerpt":{"rendered":"Acerca de Fluctus Fluctus cuenta con las personas con las que querr\u00e1s colaborar en lo relacionado a tecnolog\u00edas y servicios para la industria acu\u00edcola. Nuestros colaboradores cuentan con una amplia competencia y experiencia en sus campos, y a lo largo de las d\u00e9cadas han estado a cargo del desarrollo, producci\u00f3n, instalaci\u00f3n y servicio de productos...","protected":false},"author":4,"featured_media":0,"parent":0,"menu_order":0,"comment_status":"closed","ping_status":"closed","template":"","meta":{"_acf_changed":false,"footnotes":""},"class_list":["post-2606","page","type-page","status-publish","hentry"],"acf":[],"yoast_head":"<!-- This site is optimized with the Yoast SEO plugin v27.3 - https:\/\/yoast.com\/product\/yoast-seo-wordpress\/ -->\n<title>Acerca de Fluctus | Fluctus<\/title>\n<meta name=\"robots\" content=\"index, follow, max-snippet:-1, max-image-preview:large, max-video-preview:-1\" \/>\n<link rel=\"canonical\" href=\"https:\/\/fluctus.no\/es\/acerca-de-fluctus\" \/>\n<meta property=\"og:locale\" content=\"es_ES\" \/>\n<meta property=\"og:type\" content=\"article\" \/>\n<meta property=\"og:title\" content=\"Acerca de Fluctus | Fluctus\" \/>\n<meta property=\"og:url\" content=\"https:\/\/fluctus.no\/es\/acerca-de-fluctus\" \/>\n<meta property=\"og:site_name\" content=\"Fluctus\" \/>\n<meta property=\"article:modified_time\" content=\"2024-03-06T08:50:47+00:00\" \/>\n<meta name=\"twitter:card\" content=\"summary_large_image\" \/>\n<meta name=\"twitter:label1\" content=\"Tiempo de lectura\" \/>\n\t<meta name=\"twitter:data1\" content=\"3 minutos\" \/>\n<script type=\"application\/ld+json\" class=\"yoast-schema-graph\">{\"@context\":\"https:\\\/\\\/schema.org\",\"@graph\":[{\"@type\":\"WebPage\",\"@id\":\"https:\\\/\\\/fluctus.no\\\/es\\\/acerca-de-fluctus\",\"url\":\"https:\\\/\\\/fluctus.no\\\/es\\\/acerca-de-fluctus\",\"name\":\"Acerca de Fluctus | Fluctus\",\"isPartOf\":{\"@id\":\"https:\\\/\\\/fluctus.no\\\/#website\"},\"datePublished\":\"2021-12-10T14:08:54+00:00\",\"dateModified\":\"2024-03-06T08:50:47+00:00\",\"breadcrumb\":{\"@id\":\"https:\\\/\\\/fluctus.no\\\/es\\\/acerca-de-fluctus#breadcrumb\"},\"inLanguage\":\"es\",\"potentialAction\":[{\"@type\":\"ReadAction\",\"target\":[\"https:\\\/\\\/fluctus.no\\\/es\\\/acerca-de-fluctus\"]}]},{\"@type\":\"BreadcrumbList\",\"@id\":\"https:\\\/\\\/fluctus.no\\\/es\\\/acerca-de-fluctus#breadcrumb\",\"itemListElement\":[{\"@type\":\"ListItem\",\"position\":1,\"name\":\"Hjem\",\"item\":\"https:\\\/\\\/fluctus.no\\\/es\"},{\"@type\":\"ListItem\",\"position\":2,\"name\":\"Acerca de Fluctus\"}]},{\"@type\":\"WebSite\",\"@id\":\"https:\\\/\\\/fluctus.no\\\/#website\",\"url\":\"https:\\\/\\\/fluctus.no\\\/\",\"name\":\"Fluctus\",\"description\":\"Utstyr og service til oppdrettsn\u00e6ringen\",\"publisher\":{\"@id\":\"https:\\\/\\\/fluctus.no\\\/#organization\"},\"potentialAction\":[{\"@type\":\"SearchAction\",\"target\":{\"@type\":\"EntryPoint\",\"urlTemplate\":\"https:\\\/\\\/fluctus.no\\\/?s={search_term_string}\"},\"query-input\":{\"@type\":\"PropertyValueSpecification\",\"valueRequired\":true,\"valueName\":\"search_term_string\"}}],\"inLanguage\":\"es\"},{\"@type\":\"Organization\",\"@id\":\"https:\\\/\\\/fluctus.no\\\/#organization\",\"name\":\"Fluctus AS\",\"url\":\"https:\\\/\\\/fluctus.no\\\/\",\"logo\":{\"@type\":\"ImageObject\",\"inLanguage\":\"es\",\"@id\":\"https:\\\/\\\/fluctus.no\\\/#\\\/schema\\\/logo\\\/image\\\/\",\"url\":\"https:\\\/\\\/fluctus.no\\\/wp-content\\\/uploads\\\/2021\\\/12\\\/fluctus.svg\",\"contentUrl\":\"https:\\\/\\\/fluctus.no\\\/wp-content\\\/uploads\\\/2021\\\/12\\\/fluctus.svg\",\"width\":146,\"height\":40,\"caption\":\"Fluctus AS\"},\"image\":{\"@id\":\"https:\\\/\\\/fluctus.no\\\/#\\\/schema\\\/logo\\\/image\\\/\"}}]}<\/script>\n<!-- \/ Yoast SEO plugin. -->","yoast_head_json":{"title":"Acerca de Fluctus | Fluctus","robots":{"index":"index","follow":"follow","max-snippet":"max-snippet:-1","max-image-preview":"max-image-preview:large","max-video-preview":"max-video-preview:-1"},"canonical":"https:\/\/fluctus.no\/es\/acerca-de-fluctus","og_locale":"es_ES","og_type":"article","og_title":"Acerca de Fluctus | Fluctus","og_url":"https:\/\/fluctus.no\/es\/acerca-de-fluctus","og_site_name":"Fluctus","article_modified_time":"2024-03-06T08:50:47+00:00","twitter_card":"summary_large_image","twitter_misc":{"Tiempo de lectura":"3 minutos"},"schema":{"@context":"https:\/\/schema.org","@graph":[{"@type":"WebPage","@id":"https:\/\/fluctus.no\/es\/acerca-de-fluctus","url":"https:\/\/fluctus.no\/es\/acerca-de-fluctus","name":"Acerca de Fluctus | Fluctus","isPartOf":{"@id":"https:\/\/fluctus.no\/#website"},"datePublished":"2021-12-10T14:08:54+00:00","dateModified":"2024-03-06T08:50:47+00:00","breadcrumb":{"@id":"https:\/\/fluctus.no\/es\/acerca-de-fluctus#breadcrumb"},"inLanguage":"es","potentialAction":[{"@type":"ReadAction","target":["https:\/\/fluctus.no\/es\/acerca-de-fluctus"]}]},{"@type":"BreadcrumbList","@id":"https:\/\/fluctus.no\/es\/acerca-de-fluctus#breadcrumb","itemListElement":[{"@type":"ListItem","position":1,"name":"Hjem","item":"https:\/\/fluctus.no\/es"},{"@type":"ListItem","position":2,"name":"Acerca de Fluctus"}]},{"@type":"WebSite","@id":"https:\/\/fluctus.no\/#website","url":"https:\/\/fluctus.no\/","name":"Fluctus","description":"Utstyr og service til oppdrettsn\u00e6ringen","publisher":{"@id":"https:\/\/fluctus.no\/#organization"},"potentialAction":[{"@type":"SearchAction","target":{"@type":"EntryPoint","urlTemplate":"https:\/\/fluctus.no\/?s={search_term_string}"},"query-input":{"@type":"PropertyValueSpecification","valueRequired":true,"valueName":"search_term_string"}}],"inLanguage":"es"},{"@type":"Organization","@id":"https:\/\/fluctus.no\/#organization","name":"Fluctus AS","url":"https:\/\/fluctus.no\/","logo":{"@type":"ImageObject","inLanguage":"es","@id":"https:\/\/fluctus.no\/#\/schema\/logo\/image\/","url":"https:\/\/fluctus.no\/wp-content\/uploads\/2021\/12\/fluctus.svg","contentUrl":"https:\/\/fluctus.no\/wp-content\/uploads\/2021\/12\/fluctus.svg","width":146,"height":40,"caption":"Fluctus AS"},"image":{"@id":"https:\/\/fluctus.no\/#\/schema\/logo\/image\/"}}]}},"_links":{"self":[{"href":"https:\/\/fluctus.no\/es\/wp-json\/wp\/v2\/pages\/2606","targetHints":{"allow":["GET"]}}],"collection":[{"href":"https:\/\/fluctus.no\/es\/wp-json\/wp\/v2\/pages"}],"about":[{"href":"https:\/\/fluctus.no\/es\/wp-json\/wp\/v2\/types\/page"}],"author":[{"embeddable":true,"href":"https:\/\/fluctus.no\/es\/wp-json\/wp\/v2\/users\/4"}],"replies":[{"embeddable":true,"href":"https:\/\/fluctus.no\/es\/wp-json\/wp\/v2\/comments?post=2606"}],"version-history":[{"count":0,"href":"https:\/\/fluctus.no\/es\/wp-json\/wp\/v2\/pages\/2606\/revisions"}],"wp:attachment":[{"href":"https:\/\/fluctus.no\/es\/wp-json\/wp\/v2\/media?parent=2606"}],"curies":[{"name":"wp","href":"https:\/\/api.w.org\/{rel}","templated":true}]}}