{"id":2602,"date":"2021-12-10T15:06:35","date_gmt":"2021-12-10T14:06:35","guid":{"rendered":"https:\/\/fluctus.no\/?page_id=2602"},"modified":"2024-12-19T11:32:11","modified_gmt":"2024-12-19T10:32:11","slug":"service","status":"publish","type":"page","link":"https:\/\/fluctus.no\/es\/service","title":{"rendered":"Servicio"},"content":{"rendered":"<section class=\"l-section wpb_row height_medium\"><div class=\"l-section-h i-cf\"><div class=\"g-cols vc_row via_flex valign_top type_default stacking_default\"><div class=\"vc_col-sm-6 wpb_column vc_column_container\"><div class=\"vc_column-inner\"><div class=\"wpb_wrapper\"><div class=\"wpb_text_column\"><div class=\"wpb_wrapper\"><h1>Servicio como \u201creligi\u00f3n\u201d<\/h1>\n<\/div><\/div><\/div><\/div><\/div><div class=\"vc_col-sm-6 wpb_column vc_column_container\"><div class=\"vc_column-inner\"><div class=\"wpb_wrapper\"><div class=\"w-separator size_custom\" style=\"height:10px\"><\/div><div class=\"wpb_text_column\"><div class=\"wpb_wrapper\"><p>Nuestros clientes pueden estar seguros de que estamos haciendo todo lo que est\u00e1 a nuestro alcance para ayudarles cuando surge la necesidad. La disponibilidad, las competencias y la incre\u00edble actitud de servicio de nuestros t\u00e9cnicos garantizan a nuestros clientes los costos operativos m\u00e1s bajos a largo plazo.<\/p>\n<\/div><\/div><\/div><\/div><\/div><\/div><\/div><\/section><section class=\"l-section wpb_row height_auto\"><div class=\"l-section-h i-cf\"><div class=\"g-cols vc_row via_flex valign_top type_default stacking_default\"><div class=\"vc_col-sm-12 wpb_column vc_column_container\"><div class=\"vc_column-inner\"><div class=\"wpb_wrapper\"><div class=\"g-cols wpb_row via_flex valign_top type_default stacking_default\"><div class=\"vc_col-sm-12 wpb_column vc_column_container\"><div class=\"vc_column-inner us_custom_602fdfa7\"><div class=\"wpb_wrapper\"><div class=\"w-vwrapper us_custom_7be30d4d service-kontakt align_none valign_top\"><div class=\"wpb_text_column\"><div class=\"wpb_wrapper\"><h2>Contacto<\/h2>\n<\/div><\/div><div class=\"wpb_text_column\"><div class=\"wpb_wrapper\"><p><a href=\"mailto:service@fluctus.no\">service@fluctus.no<\/a><br \/>\n<a href=\"tel:+47 56 12 31 34\">+47 56 12 31 34<\/a><\/p>\n<\/div><\/div><\/div><div class=\"focus-container\">\t\t<h2>Enfoque<\/h2>\t\t<div class=\"focus-inner-container\">\t\t\t\t\t<p id=\"focus-1\"class=\"focus-item-text\">Disponibilidad<\/p>\r\n\t\t\t\t\t\t\t\t\t<p id=\"focus-2\"class=\"focus-item-text\">T\u00e9cnicos con competencias m\u00faltiples<\/p>\r\n\t\t\t\t\t\t\t\t\t<p id=\"focus-3\"class=\"focus-item-text\">Incre\u00edble actitud de servicio<\/p>\r\n\t\t\t\t\t\t\t\t\t<p id=\"focus-4\"class=\"focus-item-text\">Asistencia telef\u00f3nica gratuita<\/p>\r\n\t\t\t\t<\/div><\/div><div class=\"wpb_text_column\"><div class=\"wpb_wrapper\">\n<\/div><\/div><\/div><\/div><\/div><\/div><div class=\"g-cols wpb_row via_flex valign_top type_default stacking_default\"><div class=\"vc_col-sm-3 wpb_column vc_column_container\"><div class=\"vc_column-inner us_custom_b037f512\"><div class=\"wpb_wrapper\"><\/div><\/div><\/div><div class=\"vc_col-sm-9 wpb_column vc_column_container\"><div class=\"vc_column-inner\"><div class=\"wpb_wrapper\"><div class=\"w-grid-none type_message\">No se han encontrado resultados.<\/div><\/div><\/div><\/div><\/div><div class=\"w-separator size_medium\"><\/div><\/div><\/div><\/div><\/div><\/div><\/section><section class=\"l-section wpb_row height_medium\"><div class=\"l-section-h i-cf\"><div class=\"g-cols vc_row via_flex valign_top type_default stacking_default\"><div class=\"vc_col-sm-12 wpb_column vc_column_container\"><div class=\"vc_column-inner\"><div class=\"wpb_wrapper\"><div class=\"wpb_text_column\"><div class=\"wpb_wrapper\"><h2>Caja de servicio<\/h2>\n<\/div><\/div><div class=\"g-cols wpb_row via_flex valign_top type_default stacking_default\"><div class=\"vc_col-sm-6 wpb_column vc_column_container\"><div class=\"vc_column-inner\"><div class=\"wpb_wrapper\"><div class=\"w-vwrapper us_custom_66d93523 service-kontakt full-max-width has_text_color us_animate_this align_none valign_top\"><div class=\"wpb_text_column us_custom_4fb9e5a3\"><div class=\"wpb_wrapper\"><p>La caja de servicio es tu almacen local de respuestos, adaptada a tus instalaciones. Nosotros reponemos los respuestos y partes en la medida que van siendo utilizados.<\/p>\n<p><strong>Ahorra tiempo, dinero y molestias.<\/strong><\/p>\n<\/div><\/div><\/div><\/div><\/div><\/div><div class=\"vc_col-sm-6 wpb_column vc_column_container servicekasse-image hide_on_mobiles\"><div class=\"vc_column-inner\"><div class=\"wpb_wrapper\"><div class=\"w-image us_custom_3e9d1bc9 us_animate_this hide_on_mobiles align_right\"><div class=\"w-image-h\"><img decoding=\"async\" width=\"1920\" height=\"1080\" src=\"https:\/\/fluctus.no\/wp-content\/uploads\/2022\/01\/servicekasse-1.png\" class=\"attachment-full size-full\" alt=\"\" loading=\"lazy\" srcset=\"https:\/\/fluctus.no\/wp-content\/uploads\/2022\/01\/servicekasse-1.png 1920w, https:\/\/fluctus.no\/wp-content\/uploads\/2022\/01\/servicekasse-1-300x169.png 300w, https:\/\/fluctus.no\/wp-content\/uploads\/2022\/01\/servicekasse-1-1024x576.png 1024w, https:\/\/fluctus.no\/wp-content\/uploads\/2022\/01\/servicekasse-1-400x225.png 400w\" sizes=\"auto, (max-width: 1920px) 100vw, 1920px\" \/><\/div><\/div><\/div><\/div><\/div><\/div><\/div><\/div><\/div><\/div><\/div><\/section><section class=\"l-section wpb_row height_medium\"><div class=\"l-section-h i-cf\"><div class=\"g-cols vc_row via_flex valign_top type_default stacking_default\"><div class=\"vc_col-sm-12 wpb_column vc_column_container\"><div class=\"vc_column-inner\"><div class=\"wpb_wrapper\"><div class=\"w-video align_none ratio_16x9\"><div class=\"w-video-h\"><iframe title=\"Fluctus Gratanglaks (Spa)\" src=\"https:\/\/player.vimeo.com\/video\/918250944?dnt=1&amp;app_id=122963\" width=\"640\" height=\"360\" frameborder=\"0\" allow=\"autoplay; fullscreen; picture-in-picture; clipboard-write\"><\/iframe><\/div><\/div><\/div><\/div><\/div><\/div><\/div><\/section><section class=\"l-section wpb_row height_medium\"><div class=\"l-section-h i-cf\"><div class=\"g-cols vc_row via_flex valign_top type_default stacking_default\"><div class=\"vc_col-sm-12 wpb_column vc_column_container\"><div class=\"vc_column-inner\"><div class=\"wpb_wrapper\"><div class=\"wpb_text_column\"><div class=\"wpb_wrapper\"><h2>Contacta a nuestro equipo de servicio<\/h2>\n<\/div><\/div><div class=\"w-separator size_small\"><\/div><div class=\"w-grid-none type_message\">No se han encontrado resultados.<\/div><\/div><\/div><\/div><\/div><\/div><\/section>\n","protected":false},"excerpt":{"rendered":"Servicio como \u201creligi\u00f3n\u201d Nuestros clientes pueden estar seguros de que estamos haciendo todo lo que est\u00e1 a nuestro alcance para ayudarles cuando surge la necesidad. La disponibilidad, las competencias y la incre\u00edble actitud de servicio de nuestros t\u00e9cnicos garantizan a nuestros clientes los costos operativos m\u00e1s bajos a largo plazo. Contacto service@fluctus.no +47 56 12...","protected":false},"author":4,"featured_media":0,"parent":0,"menu_order":0,"comment_status":"closed","ping_status":"closed","template":"","meta":{"_acf_changed":false,"footnotes":""},"class_list":["post-2602","page","type-page","status-publish","hentry"],"acf":[],"yoast_head":"<!-- This site is optimized with the Yoast SEO plugin v27.3 - https:\/\/yoast.com\/product\/yoast-seo-wordpress\/ -->\n<title>Servicio | Fluctus<\/title>\n<meta name=\"robots\" content=\"index, follow, max-snippet:-1, max-image-preview:large, max-video-preview:-1\" \/>\n<link rel=\"canonical\" href=\"https:\/\/fluctus.no\/es\/service\" \/>\n<meta property=\"og:locale\" content=\"es_ES\" \/>\n<meta property=\"og:type\" content=\"article\" \/>\n<meta property=\"og:title\" content=\"Servicio | Fluctus\" \/>\n<meta property=\"og:url\" content=\"https:\/\/fluctus.no\/es\/service\" \/>\n<meta property=\"og:site_name\" content=\"Fluctus\" \/>\n<meta property=\"article:modified_time\" content=\"2024-12-19T10:32:11+00:00\" \/>\n<meta name=\"twitter:card\" content=\"summary_large_image\" \/>\n<meta name=\"twitter:label1\" content=\"Tiempo de lectura\" \/>\n\t<meta name=\"twitter:data1\" content=\"1 minuto\" \/>\n<script type=\"application\/ld+json\" class=\"yoast-schema-graph\">{\"@context\":\"https:\\\/\\\/schema.org\",\"@graph\":[{\"@type\":\"WebPage\",\"@id\":\"https:\\\/\\\/fluctus.no\\\/es\\\/service\",\"url\":\"https:\\\/\\\/fluctus.no\\\/es\\\/service\",\"name\":\"Servicio | Fluctus\",\"isPartOf\":{\"@id\":\"https:\\\/\\\/fluctus.no\\\/#website\"},\"datePublished\":\"2021-12-10T14:06:35+00:00\",\"dateModified\":\"2024-12-19T10:32:11+00:00\",\"breadcrumb\":{\"@id\":\"https:\\\/\\\/fluctus.no\\\/es\\\/service#breadcrumb\"},\"inLanguage\":\"es\",\"potentialAction\":[{\"@type\":\"ReadAction\",\"target\":[\"https:\\\/\\\/fluctus.no\\\/es\\\/service\"]}]},{\"@type\":\"BreadcrumbList\",\"@id\":\"https:\\\/\\\/fluctus.no\\\/es\\\/service#breadcrumb\",\"itemListElement\":[{\"@type\":\"ListItem\",\"position\":1,\"name\":\"Hjem\",\"item\":\"https:\\\/\\\/fluctus.no\\\/es\"},{\"@type\":\"ListItem\",\"position\":2,\"name\":\"Servicio\"}]},{\"@type\":\"WebSite\",\"@id\":\"https:\\\/\\\/fluctus.no\\\/#website\",\"url\":\"https:\\\/\\\/fluctus.no\\\/\",\"name\":\"Fluctus\",\"description\":\"Utstyr og service til oppdrettsn\u00e6ringen\",\"publisher\":{\"@id\":\"https:\\\/\\\/fluctus.no\\\/#organization\"},\"potentialAction\":[{\"@type\":\"SearchAction\",\"target\":{\"@type\":\"EntryPoint\",\"urlTemplate\":\"https:\\\/\\\/fluctus.no\\\/?s={search_term_string}\"},\"query-input\":{\"@type\":\"PropertyValueSpecification\",\"valueRequired\":true,\"valueName\":\"search_term_string\"}}],\"inLanguage\":\"es\"},{\"@type\":\"Organization\",\"@id\":\"https:\\\/\\\/fluctus.no\\\/#organization\",\"name\":\"Fluctus AS\",\"url\":\"https:\\\/\\\/fluctus.no\\\/\",\"logo\":{\"@type\":\"ImageObject\",\"inLanguage\":\"es\",\"@id\":\"https:\\\/\\\/fluctus.no\\\/#\\\/schema\\\/logo\\\/image\\\/\",\"url\":\"https:\\\/\\\/fluctus.no\\\/wp-content\\\/uploads\\\/2021\\\/12\\\/fluctus.svg\",\"contentUrl\":\"https:\\\/\\\/fluctus.no\\\/wp-content\\\/uploads\\\/2021\\\/12\\\/fluctus.svg\",\"width\":146,\"height\":40,\"caption\":\"Fluctus AS\"},\"image\":{\"@id\":\"https:\\\/\\\/fluctus.no\\\/#\\\/schema\\\/logo\\\/image\\\/\"}}]}<\/script>\n<!-- \/ Yoast SEO plugin. -->","yoast_head_json":{"title":"Servicio | Fluctus","robots":{"index":"index","follow":"follow","max-snippet":"max-snippet:-1","max-image-preview":"max-image-preview:large","max-video-preview":"max-video-preview:-1"},"canonical":"https:\/\/fluctus.no\/es\/service","og_locale":"es_ES","og_type":"article","og_title":"Servicio | Fluctus","og_url":"https:\/\/fluctus.no\/es\/service","og_site_name":"Fluctus","article_modified_time":"2024-12-19T10:32:11+00:00","twitter_card":"summary_large_image","twitter_misc":{"Tiempo de lectura":"1 minuto"},"schema":{"@context":"https:\/\/schema.org","@graph":[{"@type":"WebPage","@id":"https:\/\/fluctus.no\/es\/service","url":"https:\/\/fluctus.no\/es\/service","name":"Servicio | Fluctus","isPartOf":{"@id":"https:\/\/fluctus.no\/#website"},"datePublished":"2021-12-10T14:06:35+00:00","dateModified":"2024-12-19T10:32:11+00:00","breadcrumb":{"@id":"https:\/\/fluctus.no\/es\/service#breadcrumb"},"inLanguage":"es","potentialAction":[{"@type":"ReadAction","target":["https:\/\/fluctus.no\/es\/service"]}]},{"@type":"BreadcrumbList","@id":"https:\/\/fluctus.no\/es\/service#breadcrumb","itemListElement":[{"@type":"ListItem","position":1,"name":"Hjem","item":"https:\/\/fluctus.no\/es"},{"@type":"ListItem","position":2,"name":"Servicio"}]},{"@type":"WebSite","@id":"https:\/\/fluctus.no\/#website","url":"https:\/\/fluctus.no\/","name":"Fluctus","description":"Utstyr og service til oppdrettsn\u00e6ringen","publisher":{"@id":"https:\/\/fluctus.no\/#organization"},"potentialAction":[{"@type":"SearchAction","target":{"@type":"EntryPoint","urlTemplate":"https:\/\/fluctus.no\/?s={search_term_string}"},"query-input":{"@type":"PropertyValueSpecification","valueRequired":true,"valueName":"search_term_string"}}],"inLanguage":"es"},{"@type":"Organization","@id":"https:\/\/fluctus.no\/#organization","name":"Fluctus AS","url":"https:\/\/fluctus.no\/","logo":{"@type":"ImageObject","inLanguage":"es","@id":"https:\/\/fluctus.no\/#\/schema\/logo\/image\/","url":"https:\/\/fluctus.no\/wp-content\/uploads\/2021\/12\/fluctus.svg","contentUrl":"https:\/\/fluctus.no\/wp-content\/uploads\/2021\/12\/fluctus.svg","width":146,"height":40,"caption":"Fluctus AS"},"image":{"@id":"https:\/\/fluctus.no\/#\/schema\/logo\/image\/"}}]}},"_links":{"self":[{"href":"https:\/\/fluctus.no\/es\/wp-json\/wp\/v2\/pages\/2602","targetHints":{"allow":["GET"]}}],"collection":[{"href":"https:\/\/fluctus.no\/es\/wp-json\/wp\/v2\/pages"}],"about":[{"href":"https:\/\/fluctus.no\/es\/wp-json\/wp\/v2\/types\/page"}],"author":[{"embeddable":true,"href":"https:\/\/fluctus.no\/es\/wp-json\/wp\/v2\/users\/4"}],"replies":[{"embeddable":true,"href":"https:\/\/fluctus.no\/es\/wp-json\/wp\/v2\/comments?post=2602"}],"version-history":[{"count":0,"href":"https:\/\/fluctus.no\/es\/wp-json\/wp\/v2\/pages\/2602\/revisions"}],"wp:attachment":[{"href":"https:\/\/fluctus.no\/es\/wp-json\/wp\/v2\/media?parent=2602"}],"curies":[{"name":"wp","href":"https:\/\/api.w.org\/{rel}","templated":true}]}}