{"id":2598,"date":"2024-03-04T16:17:52","date_gmt":"2024-03-04T15:17:52","guid":{"rendered":"https:\/\/fluctus.no\/produkter"},"modified":"2024-03-04T16:17:52","modified_gmt":"2024-03-04T15:17:52","slug":"productos","status":"publish","type":"page","link":"https:\/\/fluctus.no\/es\/productos","title":{"rendered":"Productos"},"content":{"rendered":"<section class=\"l-section wpb_row height_medium\"><div class=\"l-section-h i-cf\"><div class=\"g-cols vc_row via_flex valign_top type_default stacking_default\"><div class=\"vc_col-sm-12 wpb_column vc_column_container\"><div class=\"vc_column-inner\"><div class=\"wpb_wrapper\"><div class=\"g-cols wpb_row via_flex valign_top type_default stacking_default\"><div class=\"vc_col-sm-6 wpb_column vc_column_container\"><div class=\"vc_column-inner\"><div class=\"wpb_wrapper\"><div class=\"wpb_text_column long-word\"><div class=\"wpb_wrapper\"><h1>Gama de productos<\/h1>\n<\/div><\/div><\/div><\/div><\/div><div class=\"vc_col-sm-6 wpb_column vc_column_container\"><div class=\"vc_column-inner\"><div class=\"wpb_wrapper\"><div class=\"w-separator size_custom\" style=\"height:10px\"><\/div><div class=\"wpb_text_column\"><div class=\"wpb_wrapper\"><p>Fluctus ha desarrollado su gama de productos con un enfoque en la calidad y la facilidad de uso. Contribuimos con experiencia y competencias en el di\u00e1logo con nuestros clientes, tanto en la adaptaci\u00f3n a las necesidades espec\u00edficas dentro de las \u00e1reas actuales de productos como en el desarrollo de nuevos productos para la industria.<\/p>\n<\/div><\/div><\/div><\/div><\/div><\/div><div class=\"w-separator size_medium\"><\/div><div class=\"w-grid us_grid type_grid layout_149 cols_1 preload_style_spinner with_css_animation\" id=\"us_grid_1\" style=\"--columns:1;--gap:1.5rem;\" data-filterable=\"true\"><style>.layout_149 .w-grid-item-h{}.layout_149 .usg_vwrapper_1{max-width:60%!important;padding:3em!important;background:#ffffff!important;box-shadow:4px 24px 40px 0 rgba(0,0,0,0.08)!important}.layout_149 .usg_post_image_1{max-width:50%!important;margin-left:-200px!important;margin-top:100px!important;margin-bottom:100px!important}.layout_149 .usg_btn_1{color:#0e75a4!important;font-weight:500!important;background:rgba(0,0,0,0.00)!important}<\/style><div class=\"w-grid-list\">\t<article class=\"w-grid-item us_animate_fade size_1x1 post-2582 produkt type-produkt status-publish has-post-thumbnail hentry\" data-id=\"2582\">\r\n\t\t<div class=\"w-grid-item-h\">\r\n\t\t\t\t\t\t<div class=\"w-hwrapper usg_hwrapper_1 produktoversikt-wrapper align_justify valign_top\" style=\"--hwrapper-gap:1.20rem\"><div class=\"w-vwrapper usg_vwrapper_1 produktoversikt-text-container align_none valign_top\"><h2 class=\"w-post-elm post_title usg_post_title_1 entry-title color_link_inherit\"><a href=\"https:\/\/fluctus.no\/es\/produkt\/pontones-de-alimentacion\">Pontones de alimentaci\u00f3n<\/a><\/h2><div class=\"w-post-elm post_content usg_post_content_1\"><p>Durante casi treinta a\u00f1os, nuestros colaboradores han participado en el dise\u00f1o y la producci\u00f3n de m\u00e1s de doscientos pontones de alimentaci\u00f3n para la industria acu\u00edcola. Adem\u00e1s, contamos con experiencia en el \u00e1mbito de dibujo y dise\u00f1o, que tambi\u00e9n abarca una amplia experiencia en proyectos, tanto en barcos como en otros conceptos de estructuras flotantes. Todo se dibuja en 3D.<\/p>\n<\/div><a class=\"w-btn us-btn-style_1 usg_btn_1 produkt-oversikt-btn has_text_color icon_atright\" href=\"https:\/\/fluctus.no\/es\/produkt\/pontones-de-alimentacion\"><span class=\"w-btn-label\">Leer m\u00e1s<\/span><i class=\"material-icons\">arrow_forward<\/i><\/a><\/div><div class=\"w-post-elm post_image usg_post_image_1 produktoversikt-image stretched\"><a href=\"https:\/\/fluctus.no\/es\/produkt\/pontones-de-alimentacion\" aria-label=\"Pontones de alimentaci\u00f3n\"><img decoding=\"async\" width=\"1024\" height=\"568\" src=\"https:\/\/fluctus.no\/wp-content\/uploads\/2021\/12\/Fluctus-F5017-forfla\u030ate-med-anlegg-4-1024x568.png\" class=\"attachment-large size-large wp-post-image\" alt=\"\" srcset=\"https:\/\/fluctus.no\/wp-content\/uploads\/2021\/12\/Fluctus-F5017-forfla\u030ate-med-anlegg-4-1024x568.png 1024w, https:\/\/fluctus.no\/wp-content\/uploads\/2021\/12\/Fluctus-F5017-forfla\u030ate-med-anlegg-4-300x166.png 300w, https:\/\/fluctus.no\/wp-content\/uploads\/2021\/12\/Fluctus-F5017-forfla\u030ate-med-anlegg-4-400x222.png 400w\" sizes=\"(max-width: 1024px) 100vw, 1024px\" \/><\/a><\/div><\/div>\t\t<\/div>\r\n\t\t\t<\/article>\r\n\t<article class=\"w-grid-item us_animate_fade size_1x1 post-2593 produkt type-produkt status-publish has-post-thumbnail hentry\" data-id=\"2593\">\r\n\t\t<div class=\"w-grid-item-h\">\r\n\t\t\t\t\t\t<div class=\"w-hwrapper usg_hwrapper_1 produktoversikt-wrapper align_justify valign_top\" style=\"--hwrapper-gap:1.20rem\"><div class=\"w-vwrapper usg_vwrapper_1 produktoversikt-text-container align_none valign_top\"><h2 class=\"w-post-elm post_title usg_post_title_1 entry-title color_link_inherit\"><a href=\"https:\/\/fluctus.no\/es\/produkt\/sistemas-de-alimentacion-en-mar-y-tierra\">Sistemas de alimentaci\u00f3n \u2013 en mar y tierra<\/a><\/h2><div class=\"w-post-elm post_content usg_post_content_1\"><p>Nuestros colaboradores tienen experiencia en el desarrollo y suministro de sistemas de alimentaci\u00f3n desde la d\u00e9cada de 1980. En total, han entregado aproximadamente 1,000 proyectos de alimentaci\u00f3n. Proveemos sistemas de alimentaci\u00f3n por aire y por agua, tanto en mar como en tierra.<\/p>\n<\/div><a class=\"w-btn us-btn-style_1 usg_btn_1 produkt-oversikt-btn has_text_color icon_atright\" href=\"https:\/\/fluctus.no\/es\/produkt\/sistemas-de-alimentacion-en-mar-y-tierra\"><span class=\"w-btn-label\">Leer m\u00e1s<\/span><i class=\"material-icons\">arrow_forward<\/i><\/a><\/div><div class=\"w-post-elm post_image usg_post_image_1 produktoversikt-image stretched\"><a href=\"https:\/\/fluctus.no\/es\/produkt\/sistemas-de-alimentacion-en-mar-y-tierra\" aria-label=\"Sistemas de alimentaci\u00f3n \u2013 en mar y tierra\"><img decoding=\"async\" width=\"1024\" height=\"614\" src=\"https:\/\/fluctus.no\/wp-content\/uploads\/2022\/01\/Foring_2-1024x614.jpg\" class=\"attachment-large size-large wp-post-image\" alt=\"\" srcset=\"https:\/\/fluctus.no\/wp-content\/uploads\/2022\/01\/Foring_2-1024x614.jpg 1024w, https:\/\/fluctus.no\/wp-content\/uploads\/2022\/01\/Foring_2-300x180.jpg 300w, https:\/\/fluctus.no\/wp-content\/uploads\/2022\/01\/Foring_2-400x240.jpg 400w, https:\/\/fluctus.no\/wp-content\/uploads\/2022\/01\/Foring_2.jpg 1200w\" sizes=\"(max-width: 1024px) 100vw, 1024px\" \/><\/a><\/div><\/div>\t\t<\/div>\r\n\t\t\t<\/article>\r\n\t<article class=\"w-grid-item us_animate_fade size_1x1 post-2597 produkt type-produkt status-publish has-post-thumbnail hentry\" data-id=\"2597\">\r\n\t\t<div class=\"w-grid-item-h\">\r\n\t\t\t\t\t\t<div class=\"w-hwrapper usg_hwrapper_1 produktoversikt-wrapper align_justify valign_top\" style=\"--hwrapper-gap:1.20rem\"><div class=\"w-vwrapper usg_vwrapper_1 produktoversikt-text-container align_none valign_top\"><h2 class=\"w-post-elm post_title usg_post_title_1 entry-title color_link_inherit\"><a href=\"https:\/\/fluctus.no\/es\/produkt\/dispersores\">Dispersores<\/a><\/h2><div class=\"w-post-elm post_content usg_post_content_1\"><p>Dispersores estables con ingreso sobre la superficie del agua, lo que evita la entrada de agua en la manguera. Tambi\u00e9n contamos con un dispersor motorizado que permite al usuario controlar d\u00f3nde entregar el alimento en la jaula.<\/p>\n<\/div><a class=\"w-btn us-btn-style_1 usg_btn_1 produkt-oversikt-btn has_text_color icon_atright\" href=\"https:\/\/fluctus.no\/es\/produkt\/dispersores\"><span class=\"w-btn-label\">Leer m\u00e1s<\/span><i class=\"material-icons\">arrow_forward<\/i><\/a><\/div><div class=\"w-post-elm post_image usg_post_image_1 produktoversikt-image stretched\"><a href=\"https:\/\/fluctus.no\/es\/produkt\/dispersores\" aria-label=\"Dispersores\"><img decoding=\"async\" width=\"1024\" height=\"576\" src=\"https:\/\/fluctus.no\/wp-content\/uploads\/2021\/12\/Fluctus-spreder-14-1024x576.jpg\" class=\"attachment-large size-large wp-post-image\" alt=\"\" srcset=\"https:\/\/fluctus.no\/wp-content\/uploads\/2021\/12\/Fluctus-spreder-14-1024x576.jpg 1024w, https:\/\/fluctus.no\/wp-content\/uploads\/2021\/12\/Fluctus-spreder-14-300x169.jpg 300w, https:\/\/fluctus.no\/wp-content\/uploads\/2021\/12\/Fluctus-spreder-14-400x225.jpg 400w, https:\/\/fluctus.no\/wp-content\/uploads\/2021\/12\/Fluctus-spreder-14.jpg 1920w\" sizes=\"(max-width: 1024px) 100vw, 1024px\" \/><\/a><\/div><\/div>\t\t<\/div>\r\n\t\t\t<\/article>\r\n\t<article class=\"w-grid-item us_animate_fade size_1x1 post-2596 produkt type-produkt status-publish has-post-thumbnail hentry\" data-id=\"2596\">\r\n\t\t<div class=\"w-grid-item-h\">\r\n\t\t\t\t\t\t<div class=\"w-hwrapper usg_hwrapper_1 produktoversikt-wrapper align_justify valign_top\" style=\"--hwrapper-gap:1.20rem\"><div class=\"w-vwrapper usg_vwrapper_1 produktoversikt-text-container align_none valign_top\"><h2 class=\"w-post-elm post_title usg_post_title_1 entry-title color_link_inherit\"><a href=\"https:\/\/fluctus.no\/es\/produkt\/software\">Software<\/a><\/h2><div class=\"w-post-elm post_content usg_post_content_1\"><p>El software de control para los sistemas de alimentaci\u00f3n de Fluctus es intuitivo y f\u00e1cil de usar. Ha sido desarrollado para ser robusto y funcional. La mayor\u00eda de las operaciones se pueden realizar directamente desde el PLC, lo que garantiza la alimentaci\u00f3n incluso en caso de falla del sistema computacional. Tambi\u00e9n sumistramos software para el control de ensilaje y monitoreo del pont\u00f3n.<\/p>\n<\/div><a class=\"w-btn us-btn-style_1 usg_btn_1 produkt-oversikt-btn has_text_color icon_atright\" href=\"https:\/\/fluctus.no\/es\/produkt\/software\"><span class=\"w-btn-label\">Leer m\u00e1s<\/span><i class=\"material-icons\">arrow_forward<\/i><\/a><\/div><div class=\"w-post-elm post_image usg_post_image_1 produktoversikt-image stretched\"><a href=\"https:\/\/fluctus.no\/es\/produkt\/software\" aria-label=\"Software\"><img decoding=\"async\" width=\"1024\" height=\"615\" src=\"https:\/\/fluctus.no\/wp-content\/uploads\/2022\/01\/Software-1024x615.jpg\" class=\"attachment-large size-large wp-post-image\" alt=\"\" srcset=\"https:\/\/fluctus.no\/wp-content\/uploads\/2022\/01\/Software-1024x615.jpg 1024w, https:\/\/fluctus.no\/wp-content\/uploads\/2022\/01\/Software-300x180.jpg 300w, https:\/\/fluctus.no\/wp-content\/uploads\/2022\/01\/Software-400x240.jpg 400w, https:\/\/fluctus.no\/wp-content\/uploads\/2022\/01\/Software.jpg 1199w\" sizes=\"(max-width: 1024px) 100vw, 1024px\" \/><\/a><\/div><\/div>\t\t<\/div>\r\n\t\t\t<\/article>\r\n\t<article class=\"w-grid-item us_animate_fade size_1x1 post-2595 produkt type-produkt status-publish has-post-thumbnail hentry\" data-id=\"2595\">\r\n\t\t<div class=\"w-grid-item-h\">\r\n\t\t\t\t\t\t<div class=\"w-hwrapper usg_hwrapper_1 produktoversikt-wrapper align_justify valign_top\" style=\"--hwrapper-gap:1.20rem\"><div class=\"w-vwrapper usg_vwrapper_1 produktoversikt-text-container align_none valign_top\"><h2 class=\"w-post-elm post_title usg_post_title_1 entry-title color_link_inherit\"><a href=\"https:\/\/fluctus.no\/es\/produkt\/silos-de-alimento-y-tapas-de-silo\">Silos de alimento y escotillas de silos<\/a><\/h2><div class=\"w-post-elm post_content usg_post_content_1\"><p>Fluctus suministra silos de alimento para piscilculturas y centros de engorda, tanto est\u00e1ndar como personalizados. Tambi\u00e9n ofrecemos escotillas de silos robustas, impermeables y resistentes, tanto para instalaciones en tierra como para pontones.<\/p>\n<\/div><a class=\"w-btn us-btn-style_1 usg_btn_1 produkt-oversikt-btn has_text_color icon_atright\" href=\"https:\/\/fluctus.no\/es\/produkt\/silos-de-alimento-y-tapas-de-silo\"><span class=\"w-btn-label\">Leer m\u00e1s<\/span><i class=\"material-icons\">arrow_forward<\/i><\/a><\/div><div class=\"w-post-elm post_image usg_post_image_1 produktoversikt-image stretched\"><a href=\"https:\/\/fluctus.no\/es\/produkt\/silos-de-alimento-y-tapas-de-silo\" aria-label=\"Silos de alimento y escotillas de silos\"><img decoding=\"async\" width=\"1024\" height=\"576\" src=\"https:\/\/fluctus.no\/wp-content\/uploads\/2021\/12\/forsilo-fluctus-1024x576.jpg\" class=\"attachment-large size-large wp-post-image\" alt=\"\" srcset=\"https:\/\/fluctus.no\/wp-content\/uploads\/2021\/12\/forsilo-fluctus-1024x576.jpg 1024w, https:\/\/fluctus.no\/wp-content\/uploads\/2021\/12\/forsilo-fluctus-300x169.jpg 300w, https:\/\/fluctus.no\/wp-content\/uploads\/2021\/12\/forsilo-fluctus-400x225.jpg 400w, https:\/\/fluctus.no\/wp-content\/uploads\/2021\/12\/forsilo-fluctus.jpg 1920w\" sizes=\"(max-width: 1024px) 100vw, 1024px\" \/><\/a><\/div><\/div>\t\t<\/div>\r\n\t\t\t<\/article>\r\n\t<article class=\"w-grid-item us_animate_fade size_1x1 post-2592 produkt type-produkt status-publish has-post-thumbnail hentry\" data-id=\"2592\">\r\n\t\t<div class=\"w-grid-item-h\">\r\n\t\t\t\t\t\t<div class=\"w-hwrapper usg_hwrapper_1 produktoversikt-wrapper align_justify valign_top\" style=\"--hwrapper-gap:1.20rem\"><div class=\"w-vwrapper usg_vwrapper_1 produktoversikt-text-container align_none valign_top\"><h2 class=\"w-post-elm post_title usg_post_title_1 entry-title color_link_inherit\"><a href=\"https:\/\/fluctus.no\/es\/produkt\/ensilasje\">Ensilaje<\/a><\/h2><div class=\"w-post-elm post_content usg_post_content_1\"><p>Ofrecemos una variedad de tanques de ensilaje para pontones o instalaciones en tierra.<\/p>\n<\/div><a class=\"w-btn us-btn-style_1 usg_btn_1 produkt-oversikt-btn has_text_color icon_atright\" href=\"https:\/\/fluctus.no\/es\/produkt\/ensilasje\"><span class=\"w-btn-label\">Leer m\u00e1s<\/span><i class=\"material-icons\">arrow_forward<\/i><\/a><\/div><div class=\"w-post-elm post_image usg_post_image_1 produktoversikt-image stretched\"><a href=\"https:\/\/fluctus.no\/es\/produkt\/ensilasje\" aria-label=\"Ensilaje\"><img decoding=\"async\" width=\"1024\" height=\"576\" src=\"https:\/\/fluctus.no\/wp-content\/uploads\/2021\/12\/Fluctus-ensilasje-1-1024x576.jpg\" class=\"attachment-large size-large wp-post-image\" alt=\"\" srcset=\"https:\/\/fluctus.no\/wp-content\/uploads\/2021\/12\/Fluctus-ensilasje-1-1024x576.jpg 1024w, https:\/\/fluctus.no\/wp-content\/uploads\/2021\/12\/Fluctus-ensilasje-1-300x169.jpg 300w, https:\/\/fluctus.no\/wp-content\/uploads\/2021\/12\/Fluctus-ensilasje-1-400x225.jpg 400w, https:\/\/fluctus.no\/wp-content\/uploads\/2021\/12\/Fluctus-ensilasje-1.jpg 1920w\" sizes=\"(max-width: 1024px) 100vw, 1024px\" \/><\/a><\/div><\/div>\t\t<\/div>\r\n\t\t\t<\/article>\r\n<\/div>\t<div class=\"w-grid-preloader\">\r\n\t\t<div class=\"g-preloader type_1\">\r\n\t\t\t<div><\/div>\r\n\t\t<\/div>\r\n\t<\/div>\r\n\t\t<div class=\"w-grid-json hidden\" onclick='return {&quot;action&quot;:&quot;us_ajax_grid&quot;,&quot;infinite_scroll&quot;:0,&quot;max_num_pages&quot;:1,&quot;pagination&quot;:&quot;none&quot;,&quot;template_vars&quot;:{&quot;columns&quot;:&quot;1&quot;,&quot;exclude_items&quot;:&quot;none&quot;,&quot;img_size&quot;:&quot;default&quot;,&quot;ignore_items_size&quot;:0,&quot;items_layout&quot;:&quot;149&quot;,&quot;items_offset&quot;:&quot;1&quot;,&quot;load_animation&quot;:&quot;fade&quot;,&quot;overriding_link&quot;:&quot;{\\&quot;url\\&quot;:\\&quot;\\&quot;}&quot;,&quot;post_id&quot;:0,&quot;query_args&quot;:{&quot;post_type&quot;:[&quot;produkt&quot;],&quot;post_status&quot;:[&quot;publish&quot;,&quot;acf-disabled&quot;],&quot;posts_per_page&quot;:999},&quot;orderby_query_args&quot;:{&quot;orderby&quot;:{&quot;menu_order&quot;:&quot;ASC&quot;},&quot;order&quot;:&quot;ASC&quot;},&quot;type&quot;:&quot;grid&quot;,&quot;us_grid_post_type&quot;:&quot;produkt&quot;,&quot;us_grid_ajax_index&quot;:1,&quot;us_grid_filter_query_string&quot;:null,&quot;us_grid_index&quot;:1,&quot;page_args&quot;:[],&quot;lang&quot;:&quot;es&quot;}}'><\/div>\r\n\t<\/div><\/div><\/div><\/div><\/div><\/div><\/section>\n","protected":false},"excerpt":{"rendered":"M\u00e1s sobre el producto Ofrecemos una variedad de tanques de ensilaje para pontones o instalaciones en tierra. Las instalaciones son robustas, confiables y muy probadas. Los tanques est\u00e1n fabricados en acero inoxidable (AISI 316). Ofrecemos soluciones m\u00f3viles o estacionarias, adaptadas a las necesidades del cliente. Las soluciones de ensilaje pueden ser suministradas con su propio...","protected":false},"author":4,"featured_media":0,"parent":0,"menu_order":0,"comment_status":"closed","ping_status":"closed","template":"","meta":{"_acf_changed":false,"footnotes":""},"class_list":["post-2598","page","type-page","status-publish","hentry"],"acf":[],"yoast_head":"<!-- This site is optimized with the Yoast SEO plugin v27.3 - https:\/\/yoast.com\/product\/yoast-seo-wordpress\/ -->\n<title>Productos | Fluctus<\/title>\n<meta name=\"robots\" content=\"index, follow, max-snippet:-1, max-image-preview:large, max-video-preview:-1\" \/>\n<link rel=\"canonical\" href=\"https:\/\/fluctus.no\/es\/productos\" \/>\n<meta property=\"og:locale\" content=\"es_ES\" \/>\n<meta property=\"og:type\" content=\"article\" \/>\n<meta property=\"og:title\" content=\"Productos | Fluctus\" \/>\n<meta property=\"og:url\" content=\"https:\/\/fluctus.no\/es\/productos\" \/>\n<meta property=\"og:site_name\" content=\"Fluctus\" \/>\n<meta name=\"twitter:card\" content=\"summary_large_image\" \/>\n<meta name=\"twitter:label1\" content=\"Tiempo de lectura\" \/>\n\t<meta name=\"twitter:data1\" content=\"1 minuto\" \/>\n<script type=\"application\/ld+json\" class=\"yoast-schema-graph\">{\"@context\":\"https:\\\/\\\/schema.org\",\"@graph\":[{\"@type\":\"WebPage\",\"@id\":\"https:\\\/\\\/fluctus.no\\\/es\\\/productos\",\"url\":\"https:\\\/\\\/fluctus.no\\\/es\\\/productos\",\"name\":\"Productos | Fluctus\",\"isPartOf\":{\"@id\":\"https:\\\/\\\/fluctus.no\\\/#website\"},\"datePublished\":\"2024-03-04T15:17:52+00:00\",\"breadcrumb\":{\"@id\":\"https:\\\/\\\/fluctus.no\\\/es\\\/productos#breadcrumb\"},\"inLanguage\":\"es\",\"potentialAction\":[{\"@type\":\"ReadAction\",\"target\":[\"https:\\\/\\\/fluctus.no\\\/es\\\/productos\"]}]},{\"@type\":\"BreadcrumbList\",\"@id\":\"https:\\\/\\\/fluctus.no\\\/es\\\/productos#breadcrumb\",\"itemListElement\":[{\"@type\":\"ListItem\",\"position\":1,\"name\":\"Hjem\",\"item\":\"https:\\\/\\\/fluctus.no\\\/es\"},{\"@type\":\"ListItem\",\"position\":2,\"name\":\"Productos\"}]},{\"@type\":\"WebSite\",\"@id\":\"https:\\\/\\\/fluctus.no\\\/#website\",\"url\":\"https:\\\/\\\/fluctus.no\\\/\",\"name\":\"Fluctus\",\"description\":\"Utstyr og service til oppdrettsn\u00e6ringen\",\"publisher\":{\"@id\":\"https:\\\/\\\/fluctus.no\\\/#organization\"},\"potentialAction\":[{\"@type\":\"SearchAction\",\"target\":{\"@type\":\"EntryPoint\",\"urlTemplate\":\"https:\\\/\\\/fluctus.no\\\/?s={search_term_string}\"},\"query-input\":{\"@type\":\"PropertyValueSpecification\",\"valueRequired\":true,\"valueName\":\"search_term_string\"}}],\"inLanguage\":\"es\"},{\"@type\":\"Organization\",\"@id\":\"https:\\\/\\\/fluctus.no\\\/#organization\",\"name\":\"Fluctus AS\",\"url\":\"https:\\\/\\\/fluctus.no\\\/\",\"logo\":{\"@type\":\"ImageObject\",\"inLanguage\":\"es\",\"@id\":\"https:\\\/\\\/fluctus.no\\\/#\\\/schema\\\/logo\\\/image\\\/\",\"url\":\"https:\\\/\\\/fluctus.no\\\/wp-content\\\/uploads\\\/2021\\\/12\\\/fluctus.svg\",\"contentUrl\":\"https:\\\/\\\/fluctus.no\\\/wp-content\\\/uploads\\\/2021\\\/12\\\/fluctus.svg\",\"width\":146,\"height\":40,\"caption\":\"Fluctus AS\"},\"image\":{\"@id\":\"https:\\\/\\\/fluctus.no\\\/#\\\/schema\\\/logo\\\/image\\\/\"}}]}<\/script>\n<!-- \/ Yoast SEO plugin. -->","yoast_head_json":{"title":"Productos | Fluctus","robots":{"index":"index","follow":"follow","max-snippet":"max-snippet:-1","max-image-preview":"max-image-preview:large","max-video-preview":"max-video-preview:-1"},"canonical":"https:\/\/fluctus.no\/es\/productos","og_locale":"es_ES","og_type":"article","og_title":"Productos | Fluctus","og_url":"https:\/\/fluctus.no\/es\/productos","og_site_name":"Fluctus","twitter_card":"summary_large_image","twitter_misc":{"Tiempo de lectura":"1 minuto"},"schema":{"@context":"https:\/\/schema.org","@graph":[{"@type":"WebPage","@id":"https:\/\/fluctus.no\/es\/productos","url":"https:\/\/fluctus.no\/es\/productos","name":"Productos | Fluctus","isPartOf":{"@id":"https:\/\/fluctus.no\/#website"},"datePublished":"2024-03-04T15:17:52+00:00","breadcrumb":{"@id":"https:\/\/fluctus.no\/es\/productos#breadcrumb"},"inLanguage":"es","potentialAction":[{"@type":"ReadAction","target":["https:\/\/fluctus.no\/es\/productos"]}]},{"@type":"BreadcrumbList","@id":"https:\/\/fluctus.no\/es\/productos#breadcrumb","itemListElement":[{"@type":"ListItem","position":1,"name":"Hjem","item":"https:\/\/fluctus.no\/es"},{"@type":"ListItem","position":2,"name":"Productos"}]},{"@type":"WebSite","@id":"https:\/\/fluctus.no\/#website","url":"https:\/\/fluctus.no\/","name":"Fluctus","description":"Utstyr og service til oppdrettsn\u00e6ringen","publisher":{"@id":"https:\/\/fluctus.no\/#organization"},"potentialAction":[{"@type":"SearchAction","target":{"@type":"EntryPoint","urlTemplate":"https:\/\/fluctus.no\/?s={search_term_string}"},"query-input":{"@type":"PropertyValueSpecification","valueRequired":true,"valueName":"search_term_string"}}],"inLanguage":"es"},{"@type":"Organization","@id":"https:\/\/fluctus.no\/#organization","name":"Fluctus AS","url":"https:\/\/fluctus.no\/","logo":{"@type":"ImageObject","inLanguage":"es","@id":"https:\/\/fluctus.no\/#\/schema\/logo\/image\/","url":"https:\/\/fluctus.no\/wp-content\/uploads\/2021\/12\/fluctus.svg","contentUrl":"https:\/\/fluctus.no\/wp-content\/uploads\/2021\/12\/fluctus.svg","width":146,"height":40,"caption":"Fluctus AS"},"image":{"@id":"https:\/\/fluctus.no\/#\/schema\/logo\/image\/"}}]}},"_links":{"self":[{"href":"https:\/\/fluctus.no\/es\/wp-json\/wp\/v2\/pages\/2598","targetHints":{"allow":["GET"]}}],"collection":[{"href":"https:\/\/fluctus.no\/es\/wp-json\/wp\/v2\/pages"}],"about":[{"href":"https:\/\/fluctus.no\/es\/wp-json\/wp\/v2\/types\/page"}],"author":[{"embeddable":true,"href":"https:\/\/fluctus.no\/es\/wp-json\/wp\/v2\/users\/4"}],"replies":[{"embeddable":true,"href":"https:\/\/fluctus.no\/es\/wp-json\/wp\/v2\/comments?post=2598"}],"version-history":[{"count":0,"href":"https:\/\/fluctus.no\/es\/wp-json\/wp\/v2\/pages\/2598\/revisions"}],"wp:attachment":[{"href":"https:\/\/fluctus.no\/es\/wp-json\/wp\/v2\/media?parent=2598"}],"curies":[{"name":"wp","href":"https:\/\/api.w.org\/{rel}","templated":true}]}}